{"id":263,"date":"2013-06-06T21:19:55","date_gmt":"2013-06-06T21:19:55","guid":{"rendered":"http:\/\/damadelalba.byu.edu\/?page_id=263"},"modified":"2019-01-09T19:30:12","modified_gmt":"2019-01-09T19:30:12","slug":"camino-de-santigo","status":"publish","type":"page","link":"https:\/\/damadelalba.byu.edu\/?page_id=263","title":{"rendered":"El camino de Santigo"},"content":{"rendered":"<p><a href=\"https:\/\/es.wikipedia.org\/wiki\/Camino_de_Santiago\" target=\"_blank\">El camino de Santiago<\/a> era una ruta de peregrinaci\u00f3n en la Edad Media.<\/p>\n<p>Santiago de Compostela se encuentra en la regi\u00f3n de Galicia, al noroeste de la pen\u00ednsula ib\u00e9rica.<\/p>\n<p style=\"text-align: left;\">Se consideraba un lugar sagrado porque all\u00ed se encuentra la tumba del ap\u00f3stol Santiago.<\/p>\n<p style=\"text-align: left;\"><a href=\"https:\/\/damadelalba.byu.edu\/wp-content\/uploads\/2013\/06\/Santiago-abrazo1.jpg\"><img loading=\"lazy\" decoding=\"async\" class=\"alignnone wp-image-818 size-medium\" src=\"https:\/\/damadelalba.byu.edu\/wp-content\/uploads\/2013\/06\/Santiago-abrazo1-e1541613258117-225x300.jpg\" alt=\"Santiago abrazo\" width=\"225\" height=\"300\" srcset=\"https:\/\/damadelalba.byu.edu\/wp-content\/uploads\/2013\/06\/Santiago-abrazo1-e1541613258117-225x300.jpg 225w, https:\/\/damadelalba.byu.edu\/wp-content\/uploads\/2013\/06\/Santiago-abrazo1-e1541613258117-768x1024.jpg 768w, https:\/\/damadelalba.byu.edu\/wp-content\/uploads\/2013\/06\/Santiago-abrazo1-e1541613258117.jpg 1704w\" sizes=\"auto, (max-width: 225px) 100vw, 225px\" \/><\/a><\/p>\n<p style=\"text-align: left;\">En la Edad Media, los peregrinos llegaban de toda Europa.<\/p>\n<p style=\"text-align: left;\"><a href=\"https:\/\/damadelalba.byu.edu\/wp-content\/uploads\/2013\/06\/Espana-5001.jpg\"><img loading=\"lazy\" decoding=\"async\" class=\"alignnone size-medium wp-image-820\" src=\"https:\/\/damadelalba.byu.edu\/wp-content\/uploads\/2013\/06\/Espana-5001-225x300.jpg\" alt=\"Espana 500\" width=\"225\" height=\"300\" srcset=\"https:\/\/damadelalba.byu.edu\/wp-content\/uploads\/2013\/06\/Espana-5001-225x300.jpg 225w, https:\/\/damadelalba.byu.edu\/wp-content\/uploads\/2013\/06\/Espana-5001-768x1024.jpg 768w, https:\/\/damadelalba.byu.edu\/wp-content\/uploads\/2013\/06\/Espana-5001.jpg 1704w\" sizes=\"auto, (max-width: 225px) 100vw, 225px\" \/><\/a><\/p>\n<p style=\"text-align: left;\">Hoy en d\u00eda, llegan de todo el mundo.<\/p>\n<p style=\"text-align: left;\"><a href=\"https:\/\/damadelalba.byu.edu\/wp-content\/uploads\/2013\/06\/peregrinos-de-Santiago.jpg\"><img loading=\"lazy\" decoding=\"async\" class=\"alignnone wp-image-812 size-medium\" src=\"https:\/\/damadelalba.byu.edu\/wp-content\/uploads\/2013\/06\/peregrinos-de-Santiago-e1541613363751-225x300.jpg\" alt=\"peregrinos de Santiago\" width=\"225\" height=\"300\" srcset=\"https:\/\/damadelalba.byu.edu\/wp-content\/uploads\/2013\/06\/peregrinos-de-Santiago-e1541613363751-225x300.jpg 225w, https:\/\/damadelalba.byu.edu\/wp-content\/uploads\/2013\/06\/peregrinos-de-Santiago-e1541613363751-768x1024.jpg 768w, https:\/\/damadelalba.byu.edu\/wp-content\/uploads\/2013\/06\/peregrinos-de-Santiago-e1541613363751.jpg 1704w\" sizes=\"auto, (max-width: 225px) 100vw, 225px\" \/><\/a><\/p>\n<p style=\"text-align: left;\">La V\u00eda L\u00e1ctea tambi\u00e9n se llama el Camino de Santiago porque los peregrinos se orientaban por las estrellas para llegar a su destino.<\/p>\n<h1 class=\"entry-title\">Asturias en el Camino de Santiago<\/h1>\n<\/p>\n<p>Asturias tuvo su importancia en el Camino de Santiago. Era un lugar de paso pero ten\u00eda lugares de devoci\u00f3n propios: Covadonga, las reliquias de la catedral de Oviedo y las\u00a0<a href=\"https:\/\/es.wikipedia.org\/wiki\/Arte_asturiano\" target=\"_blank\">iglesias prerrom\u00e1nicas asturianas<\/a>.<\/p>\n<p><a href=\"https:\/\/damadelalba.byu.edu\/wp-content\/uploads\/2013\/06\/07486.jpg\"><img loading=\"lazy\" decoding=\"async\" class=\"alignnone size-medium wp-image-757\" src=\"https:\/\/damadelalba.byu.edu\/wp-content\/uploads\/2013\/06\/07486-300x200.jpg\" alt=\"07486\" width=\"300\" height=\"200\" srcset=\"https:\/\/damadelalba.byu.edu\/wp-content\/uploads\/2013\/06\/07486-300x200.jpg 300w, https:\/\/damadelalba.byu.edu\/wp-content\/uploads\/2013\/06\/07486-1024x684.jpg 1024w, https:\/\/damadelalba.byu.edu\/wp-content\/uploads\/2013\/06\/07486-449x300.jpg 449w\" sizes=\"auto, (max-width: 300px) 100vw, 300px\" \/><\/a><\/p>\n<p>Las personas eran hospitalarias con los peregrinos que iban caminando hacia Santiago y les abr\u00edan sus casas para que pasaran all\u00ed las noches.<\/p>\n<p><strong>Im\u00e1genes:<\/strong><br \/>\n\u00a9 2013 Nieves Knapp<br \/>\n\u00a9 2015 Nieves Knapp<br \/>\n\u00a9 2011 Nieves Knapp<br \/>\nSanta Mar\u00eda del Naranco \u2013 Con permiso de\u00a0Turismo Asturias \u2013 Manuel S. Calvo<\/p>\n","protected":false},"excerpt":{"rendered":"<p>El camino de Santiago era una ruta de peregrinaci\u00f3n en la Edad Media. Santiago de Compostela se encuentra en la regi\u00f3n de Galicia, al noroeste de la pen\u00ednsula ib\u00e9rica. Se consideraba un lugar sagrado porque all\u00ed se encuentra la tumba &hellip; <a href=\"https:\/\/damadelalba.byu.edu\/?page_id=263\">Continue reading <span class=\"meta-nav\">&rarr;<\/span><\/a><\/p>\n","protected":false},"author":6,"featured_media":0,"parent":11,"menu_order":6,"comment_status":"closed","ping_status":"closed","template":"","meta":{"_lmt_disableupdate":"","_lmt_disable":"","footnotes":""},"class_list":["post-263","page","type-page","status-publish","hentry"],"_links":{"self":[{"href":"https:\/\/damadelalba.byu.edu\/index.php?rest_route=\/wp\/v2\/pages\/263","targetHints":{"allow":["GET"]}}],"collection":[{"href":"https:\/\/damadelalba.byu.edu\/index.php?rest_route=\/wp\/v2\/pages"}],"about":[{"href":"https:\/\/damadelalba.byu.edu\/index.php?rest_route=\/wp\/v2\/types\/page"}],"author":[{"embeddable":true,"href":"https:\/\/damadelalba.byu.edu\/index.php?rest_route=\/wp\/v2\/users\/6"}],"replies":[{"embeddable":true,"href":"https:\/\/damadelalba.byu.edu\/index.php?rest_route=%2Fwp%2Fv2%2Fcomments&post=263"}],"version-history":[{"count":13,"href":"https:\/\/damadelalba.byu.edu\/index.php?rest_route=\/wp\/v2\/pages\/263\/revisions"}],"predecessor-version":[{"id":849,"href":"https:\/\/damadelalba.byu.edu\/index.php?rest_route=\/wp\/v2\/pages\/263\/revisions\/849"}],"up":[{"embeddable":true,"href":"https:\/\/damadelalba.byu.edu\/index.php?rest_route=\/wp\/v2\/pages\/11"}],"wp:attachment":[{"href":"https:\/\/damadelalba.byu.edu\/index.php?rest_route=%2Fwp%2Fv2%2Fmedia&parent=263"}],"curies":[{"name":"wp","href":"https:\/\/api.w.org\/{rel}","templated":true}]}}