{"id":409,"date":"2013-06-11T22:25:23","date_gmt":"2013-06-11T22:25:23","guid":{"rendered":"http:\/\/damadelalba.byu.edu\/?page_id=409"},"modified":"2020-11-12T21:36:02","modified_gmt":"2020-11-12T21:36:02","slug":"guias-didacticas","status":"publish","type":"page","link":"https:\/\/damadelalba.byu.edu\/?page_id=409","title":{"rendered":"Gu\u00edas did\u00e1cticas"},"content":{"rendered":"<div id=\"documentContents\">\n<ul>\n<li><a href=\"https:\/\/damadelalba.byu.edu\/wp-content\/uploads\/2013\/06\/Intro.pdf\" target=\"_blank\" rel=\"noopener noreferrer\">Intro<\/a> &#8211; did\u00e1ctico(PDF)<\/li>\n<li><a href=\"https:\/\/damadelalba.byu.edu\/wp-content\/uploads\/2013\/06\/Acto-I1.pdf\" target=\"_blank\" rel=\"noopener noreferrer\">Acto I<\/a> &#8211; did\u00e1ctico (PDF)<\/li>\n<li><a href=\"https:\/\/damadelalba.byu.edu\/wp-content\/uploads\/2013\/06\/Acto-II1.pdf\" target=\"_blank\" rel=\"noopener noreferrer\">Acto II<\/a> &#8211; did\u00e1ctico (PDF)<\/li>\n<li><a href=\"https:\/\/damadelalba.byu.edu\/wp-content\/uploads\/2013\/06\/Acto-III1.pdf\" target=\"_blank\" rel=\"noopener noreferrer\">Acto III<\/a> &#8211; did\u00e1ctico (PDF)<\/li>\n<li><a href=\"https:\/\/damadelalba.byu.edu\/wp-content\/uploads\/2013\/06\/Acto-IV1.pdf\" target=\"_blank\" rel=\"noopener noreferrer\">Acto IV<\/a> &#8211; did\u00e1ctico (PDF)<\/li>\n<\/ul>\n<\/div>\n","protected":false},"excerpt":{"rendered":"<p>Intro &#8211; did\u00e1ctico(PDF) Acto I &#8211; did\u00e1ctico (PDF) Acto II &#8211; did\u00e1ctico (PDF) Acto III &#8211; did\u00e1ctico (PDF) Acto IV &#8211; did\u00e1ctico (PDF)<\/p>\n","protected":false},"author":6,"featured_media":0,"parent":407,"menu_order":0,"comment_status":"closed","ping_status":"closed","template":"","meta":{"_lmt_disableupdate":"","_lmt_disable":"","footnotes":""},"class_list":["post-409","page","type-page","status-publish","hentry"],"_links":{"self":[{"href":"https:\/\/damadelalba.byu.edu\/index.php?rest_route=\/wp\/v2\/pages\/409","targetHints":{"allow":["GET"]}}],"collection":[{"href":"https:\/\/damadelalba.byu.edu\/index.php?rest_route=\/wp\/v2\/pages"}],"about":[{"href":"https:\/\/damadelalba.byu.edu\/index.php?rest_route=\/wp\/v2\/types\/page"}],"author":[{"embeddable":true,"href":"https:\/\/damadelalba.byu.edu\/index.php?rest_route=\/wp\/v2\/users\/6"}],"replies":[{"embeddable":true,"href":"https:\/\/damadelalba.byu.edu\/index.php?rest_route=%2Fwp%2Fv2%2Fcomments&post=409"}],"version-history":[{"count":7,"href":"https:\/\/damadelalba.byu.edu\/index.php?rest_route=\/wp\/v2\/pages\/409\/revisions"}],"predecessor-version":[{"id":901,"href":"https:\/\/damadelalba.byu.edu\/index.php?rest_route=\/wp\/v2\/pages\/409\/revisions\/901"}],"up":[{"embeddable":true,"href":"https:\/\/damadelalba.byu.edu\/index.php?rest_route=\/wp\/v2\/pages\/407"}],"wp:attachment":[{"href":"https:\/\/damadelalba.byu.edu\/index.php?rest_route=%2Fwp%2Fv2%2Fmedia&parent=409"}],"curies":[{"name":"wp","href":"https:\/\/api.w.org\/{rel}","templated":true}]}}