{"id":8,"date":"2013-06-06T19:18:36","date_gmt":"2013-06-06T19:18:36","guid":{"rendered":"http:\/\/damadelalba.byu.edu\/?page_id=8"},"modified":"2018-05-31T21:12:23","modified_gmt":"2018-05-31T21:12:23","slug":"la-region-situacion-geografica","status":"publish","type":"page","link":"https:\/\/damadelalba.byu.edu\/?page_id=8","title":{"rendered":"La regi\u00f3n, situaci\u00f3n geogr\u00e1fica"},"content":{"rendered":"<p>La regi\u00f3n de Asturias est\u00e1 situada al norte de Espa\u00f1a<\/p>\n<p><iframe loading=\"lazy\" src=\"https:\/\/www.youtube.com\/embed\/QzAZcfoScU8?rel=0&amp;showinfo=0\" width=\"560\" height=\"315\" frameborder=\"0\" allowfullscreen=\"allowfullscreen\"><\/iframe><\/p>\n<p>Al norte est\u00e1 el mar\u00a0Cant\u00e1brico<\/p>\n<p><a href=\"https:\/\/damadelalba.byu.edu\/wp-content\/uploads\/2018\/05\/PICT0536.jpg\"><img loading=\"lazy\" decoding=\"async\" class=\"alignnone size-medium wp-image-676\" src=\"https:\/\/damadelalba.byu.edu\/wp-content\/uploads\/2018\/05\/PICT0536-300x225.jpg\" alt=\"Costa asturiana\" width=\"300\" height=\"225\" srcset=\"https:\/\/damadelalba.byu.edu\/wp-content\/uploads\/2018\/05\/PICT0536-300x225.jpg 300w, https:\/\/damadelalba.byu.edu\/wp-content\/uploads\/2018\/05\/PICT0536-1024x768.jpg 1024w, https:\/\/damadelalba.byu.edu\/wp-content\/uploads\/2018\/05\/PICT0536-400x300.jpg 400w\" sizes=\"auto, (max-width: 300px) 100vw, 300px\" \/><\/a><\/p>\n<p><a href=\"https:\/\/damadelalba.byu.edu\/wp-content\/uploads\/2018\/05\/PICT0607.jpg\"><img loading=\"lazy\" decoding=\"async\" class=\"alignnone size-medium wp-image-677\" src=\"https:\/\/damadelalba.byu.edu\/wp-content\/uploads\/2018\/05\/PICT0607-300x225.jpg\" alt=\"Mar Cantabrico\" width=\"300\" height=\"225\" srcset=\"https:\/\/damadelalba.byu.edu\/wp-content\/uploads\/2018\/05\/PICT0607-300x225.jpg 300w, https:\/\/damadelalba.byu.edu\/wp-content\/uploads\/2018\/05\/PICT0607-1024x768.jpg 1024w, https:\/\/damadelalba.byu.edu\/wp-content\/uploads\/2018\/05\/PICT0607-400x300.jpg 400w\" sizes=\"auto, (max-width: 300px) 100vw, 300px\" \/><\/a><\/p>\n<p>y al sur est\u00e1 rodeada por las monta\u00f1as de la Cordillera Cant\u00e1brica.<\/p>\n<p><a href=\"https:\/\/damadelalba.byu.edu\/wp-content\/uploads\/2018\/05\/06727.jpg\"><img loading=\"lazy\" decoding=\"async\" class=\"alignnone size-medium wp-image-679\" src=\"https:\/\/damadelalba.byu.edu\/wp-content\/uploads\/2018\/05\/06727-300x200.jpg\" alt=\"Caso\" width=\"300\" height=\"200\" srcset=\"https:\/\/damadelalba.byu.edu\/wp-content\/uploads\/2018\/05\/06727-300x200.jpg 300w, https:\/\/damadelalba.byu.edu\/wp-content\/uploads\/2018\/05\/06727-1024x683.jpg 1024w, https:\/\/damadelalba.byu.edu\/wp-content\/uploads\/2018\/05\/06727-450x300.jpg 450w\" sizes=\"auto, (max-width: 300px) 100vw, 300px\" \/><\/a><\/p>\n<p><a href=\"https:\/\/damadelalba.byu.edu\/wp-content\/uploads\/2018\/05\/PICT0449.jpg\"><img loading=\"lazy\" decoding=\"async\" class=\"alignnone size-medium wp-image-675\" src=\"https:\/\/damadelalba.byu.edu\/wp-content\/uploads\/2018\/05\/PICT0449-300x225.jpg\" alt=\"KONICA MINOLTA DIGITAL CAMERA\" width=\"300\" height=\"225\" srcset=\"https:\/\/damadelalba.byu.edu\/wp-content\/uploads\/2018\/05\/PICT0449-300x225.jpg 300w, https:\/\/damadelalba.byu.edu\/wp-content\/uploads\/2018\/05\/PICT0449-1024x768.jpg 1024w, https:\/\/damadelalba.byu.edu\/wp-content\/uploads\/2018\/05\/PICT0449-400x300.jpg 400w\" sizes=\"auto, (max-width: 300px) 100vw, 300px\" \/><\/a><\/p>\n<p><a href=\"https:\/\/damadelalba.byu.edu\/wp-content\/uploads\/2018\/05\/04694.jpg\"><img loading=\"lazy\" decoding=\"async\" class=\"alignnone size-medium wp-image-678\" src=\"https:\/\/damadelalba.byu.edu\/wp-content\/uploads\/2018\/05\/04694-300x200.jpg\" alt=\"Parque Nacional de los Picos de Europa\" width=\"300\" height=\"200\" srcset=\"https:\/\/damadelalba.byu.edu\/wp-content\/uploads\/2018\/05\/04694-300x200.jpg 300w, https:\/\/damadelalba.byu.edu\/wp-content\/uploads\/2018\/05\/04694-1024x682.jpg 1024w, https:\/\/damadelalba.byu.edu\/wp-content\/uploads\/2018\/05\/04694-450x300.jpg 450w, https:\/\/damadelalba.byu.edu\/wp-content\/uploads\/2018\/05\/04694.jpg 1772w\" sizes=\"auto, (max-width: 300px) 100vw, 300px\" \/><\/a><\/p>\n<p><strong>Im\u00e1genes:<br \/>\n<\/strong>\u00a9 2005 Nieves Knapp<br \/>\n\u00a9 2017 Nieves Knapp<br \/>\nCaso &#8211; Con permiso de\u00a0Turismo Asturias &#8211; Manuel S. Calvo<br \/>\n\u00a9 2005 Nieves Knapp<br \/>\nParque Nacional de los\u00a0Picos de Europa &#8211; Con permiso de Turismo Asturias &#8211; Jos\u00e9 Ram\u00f3n\u00a0Garc\u00eda<\/p>\n","protected":false},"excerpt":{"rendered":"<p>La regi\u00f3n de Asturias est\u00e1 situada al norte de Espa\u00f1a Al norte est\u00e1 el mar\u00a0Cant\u00e1brico y al sur est\u00e1 rodeada por las monta\u00f1as de la Cordillera Cant\u00e1brica. Im\u00e1genes: \u00a9 2005 Nieves Knapp \u00a9 2017 Nieves Knapp Caso &#8211; Con permiso &hellip; <a href=\"https:\/\/damadelalba.byu.edu\/?page_id=8\">Continue reading <span class=\"meta-nav\">&rarr;<\/span><\/a><\/p>\n","protected":false},"author":6,"featured_media":0,"parent":11,"menu_order":0,"comment_status":"closed","ping_status":"closed","template":"","meta":{"_lmt_disableupdate":"","_lmt_disable":"","footnotes":""},"class_list":["post-8","page","type-page","status-publish","hentry"],"_links":{"self":[{"href":"https:\/\/damadelalba.byu.edu\/index.php?rest_route=\/wp\/v2\/pages\/8","targetHints":{"allow":["GET"]}}],"collection":[{"href":"https:\/\/damadelalba.byu.edu\/index.php?rest_route=\/wp\/v2\/pages"}],"about":[{"href":"https:\/\/damadelalba.byu.edu\/index.php?rest_route=\/wp\/v2\/types\/page"}],"author":[{"embeddable":true,"href":"https:\/\/damadelalba.byu.edu\/index.php?rest_route=\/wp\/v2\/users\/6"}],"replies":[{"embeddable":true,"href":"https:\/\/damadelalba.byu.edu\/index.php?rest_route=%2Fwp%2Fv2%2Fcomments&post=8"}],"version-history":[{"count":31,"href":"https:\/\/damadelalba.byu.edu\/index.php?rest_route=\/wp\/v2\/pages\/8\/revisions"}],"predecessor-version":[{"id":684,"href":"https:\/\/damadelalba.byu.edu\/index.php?rest_route=\/wp\/v2\/pages\/8\/revisions\/684"}],"up":[{"embeddable":true,"href":"https:\/\/damadelalba.byu.edu\/index.php?rest_route=\/wp\/v2\/pages\/11"}],"wp:attachment":[{"href":"https:\/\/damadelalba.byu.edu\/index.php?rest_route=%2Fwp%2Fv2%2Fmedia&parent=8"}],"curies":[{"name":"wp","href":"https:\/\/api.w.org\/{rel}","templated":true}]}}